{"id":573,"date":"2026-05-12T08:01:00","date_gmt":"2026-05-12T08:01:00","guid":{"rendered":"https:\/\/miaconsulting.eu\/?page_id=573"},"modified":"2026-05-12T12:24:54","modified_gmt":"2026-05-12T12:24:54","slug":"news","status":"publish","type":"page","link":"https:\/\/miaconsulting.eu\/index.php\/news\/","title":{"rendered":"News"},"content":{"rendered":"<div class=\"fusion-fullwidth fullwidth-box fusion-builder-row-1 fusion-flex-container has-pattern-background has-mask-background nonhundred-percent-fullwidth non-hundred-percent-height-scrolling\" style=\"--awb-border-radius-top-left:0px;--awb-border-radius-top-right:0px;--awb-border-radius-bottom-right:0px;--awb-border-radius-bottom-left:0px;--awb-flex-wrap:wrap;\" ><div class=\"fusion-builder-row fusion-row fusion-flex-align-items-flex-start fusion-flex-content-wrap\" style=\"max-width:1248px;margin-left: calc(-4% \/ 2 );margin-right: calc(-4% \/ 2 );\"><div class=\"fusion-layout-column fusion_builder_column fusion-builder-column-0 fusion_builder_column_1_1 1_1 fusion-flex-column\" style=\"--awb-bg-size:cover;--awb-width-large:100%;--awb-margin-top-large:0px;--awb-spacing-right-large:1.92%;--awb-margin-bottom-large:20px;--awb-spacing-left-large:1.92%;--awb-width-medium:100%;--awb-order-medium:0;--awb-spacing-right-medium:1.92%;--awb-spacing-left-medium:1.92%;--awb-width-small:100%;--awb-order-small:0;--awb-spacing-right-small:1.92%;--awb-spacing-left-small:1.92%;\"><div class=\"fusion-column-wrapper fusion-column-has-shadow fusion-flex-justify-content-flex-start fusion-content-layout-column\"><div class=\"fusion-post-slider fusion-flexslider fusion-flexslider-loading flexslider-posts\"><ul class=\"slides\"><li><a href=\"https:\/\/miaconsulting.eu\/index.php\/2026\/05\/12\/cyber-risk-il-danno-non-e-solo-informatico\/\" aria-label=\"Cyber Risk: il danno non \u00e8 solo informatico\"><img decoding=\"async\" width=\"1366\" height=\"768\" class=\"wp-image-580\" src=\"https:\/\/miaconsulting.eu\/wp-content\/uploads\/2026\/05\/2-1.png\" alt=\"\" srcset=\"https:\/\/miaconsulting.eu\/wp-content\/uploads\/2026\/05\/2-1-200x112.png 200w, https:\/\/miaconsulting.eu\/wp-content\/uploads\/2026\/05\/2-1-400x225.png 400w, https:\/\/miaconsulting.eu\/wp-content\/uploads\/2026\/05\/2-1-600x337.png 600w, https:\/\/miaconsulting.eu\/wp-content\/uploads\/2026\/05\/2-1-800x450.png 800w, https:\/\/miaconsulting.eu\/wp-content\/uploads\/2026\/05\/2-1-1200x675.png 1200w, https:\/\/miaconsulting.eu\/wp-content\/uploads\/2026\/05\/2-1.png 1366w\" sizes=\"(max-width: 640px) 100vw, 1200px\" \/><\/a><div class=\"slide-excerpt\"><h2><a href=\"https:\/\/miaconsulting.eu\/index.php\/2026\/05\/12\/cyber-risk-il-danno-non-e-solo-informatico\/\">Cyber Risk: il danno non \u00e8 solo informatico<\/a><\/h2><\/div><\/li><li><a href=\"https:\/\/miaconsulting.eu\/index.php\/2026\/05\/12\/vies-fideiussioni-anche-per-chi-opera-con-lestero\/\" aria-label=\"VIES: fideiussioni anche per chi opera con l\u2019estero\"><img decoding=\"async\" width=\"1366\" height=\"768\" class=\"wp-image-583\" src=\"https:\/\/miaconsulting.eu\/wp-content\/uploads\/2026\/05\/3-2.png\" alt=\"\" srcset=\"https:\/\/miaconsulting.eu\/wp-content\/uploads\/2026\/05\/3-2-200x112.png 200w, https:\/\/miaconsulting.eu\/wp-content\/uploads\/2026\/05\/3-2-400x225.png 400w, https:\/\/miaconsulting.eu\/wp-content\/uploads\/2026\/05\/3-2-600x337.png 600w, https:\/\/miaconsulting.eu\/wp-content\/uploads\/2026\/05\/3-2-800x450.png 800w, https:\/\/miaconsulting.eu\/wp-content\/uploads\/2026\/05\/3-2-1200x675.png 1200w, https:\/\/miaconsulting.eu\/wp-content\/uploads\/2026\/05\/3-2.png 1366w\" sizes=\"(max-width: 640px) 100vw, 1200px\" \/><\/a><div class=\"slide-excerpt\"><h2><a href=\"https:\/\/miaconsulting.eu\/index.php\/2026\/05\/12\/vies-fideiussioni-anche-per-chi-opera-con-lestero\/\">VIES: fideiussioni anche per chi opera con l\u2019estero<\/a><\/h2><\/div><\/li><li><a href=\"https:\/\/miaconsulting.eu\/index.php\/2026\/05\/12\/appalti-sotto-soglia-il-5-da-non-dimenticare\/\" aria-label=\"Appalti sotto soglia  Il 5% da non dimenticare\"><img decoding=\"async\" width=\"1366\" height=\"768\" class=\"wp-image-582\" src=\"https:\/\/miaconsulting.eu\/wp-content\/uploads\/2026\/05\/4.png\" alt=\"\" srcset=\"https:\/\/miaconsulting.eu\/wp-content\/uploads\/2026\/05\/4-200x112.png 200w, https:\/\/miaconsulting.eu\/wp-content\/uploads\/2026\/05\/4-400x225.png 400w, https:\/\/miaconsulting.eu\/wp-content\/uploads\/2026\/05\/4-600x337.png 600w, https:\/\/miaconsulting.eu\/wp-content\/uploads\/2026\/05\/4-800x450.png 800w, https:\/\/miaconsulting.eu\/wp-content\/uploads\/2026\/05\/4-1200x675.png 1200w, https:\/\/miaconsulting.eu\/wp-content\/uploads\/2026\/05\/4.png 1366w\" sizes=\"(max-width: 640px) 100vw, 1200px\" \/><\/a><div class=\"slide-excerpt\"><h2><a href=\"https:\/\/miaconsulting.eu\/index.php\/2026\/05\/12\/appalti-sotto-soglia-il-5-da-non-dimenticare\/\">Appalti sotto soglia  Il 5% da non dimenticare<\/a><\/h2><\/div><\/li><\/ul><\/div><div class=\"fusion-title title fusion-title-1 fusion-sep-none fusion-title-center fusion-title-text fusion-title-size-three\" style=\"--awb-text-color:var(--awb-custom_color_1);--awb-margin-top-small:10px;--awb-margin-right-small:0px;--awb-margin-bottom-small:10px;--awb-margin-left-small:0px;\"><h3 class=\"fusion-title-heading title-heading-center\" style=\"font-family:var(--awb-typography1-font-family);font-weight:var(--awb-typography1-font-weight);font-style:var(--awb-typography1-font-style);margin:0;text-transform:uppercase;\"><p style=\"text-align: center;\">ULTIME NEWS<\/p><\/h3><\/div><div class=\"fusion-recent-posts fusion-recent-posts-1 avada-container layout-default layout-columns-3\"><section class=\"fusion-columns columns fusion-columns-3 columns-3\"><article class=\"post fusion-column column col col-lg-4 col-md-4 col-sm-4\"><div class=\"fusion-flexslider fusion-flexslider-loading flexslider flexslider-hover-type-none\"><ul class=\"slides\"><li><a href=\"https:\/\/miaconsulting.eu\/index.php\/2026\/05\/12\/cyber-risk-il-danno-non-e-solo-informatico\/\" aria-label=\"Cyber Risk: il danno non \u00e8 solo informatico\" class=\"hover-type-none\"><img decoding=\"async\" width=\"700\" height=\"441\" src=\"https:\/\/miaconsulting.eu\/wp-content\/uploads\/2026\/05\/2-1-700x441.png\" class=\"attachment-recent-posts size-recent-posts\" alt=\"\" srcset=\"https:\/\/miaconsulting.eu\/wp-content\/uploads\/2026\/05\/2-1-320x202.png 320w, https:\/\/miaconsulting.eu\/wp-content\/uploads\/2026\/05\/2-1-700x441.png 700w\" sizes=\"(max-width: 700px) 100vw, 700px\" \/><\/a><\/li><\/ul><\/div><div class=\"recent-posts-content\"><span class=\"vcard\" style=\"display: none;\"><span class=\"fn\"><a href=\"https:\/\/miaconsulting.eu\/index.php\/author\/lorenzo\/\" title=\"Articoli scritti da Lorenzo\" rel=\"author\">Lorenzo<\/a><\/span><\/span><span class=\"updated\" style=\"display:none;\">2026-05-12T07:13:15+00:00<\/span><h4 class=\"entry-title\"><a href=\"https:\/\/miaconsulting.eu\/index.php\/2026\/05\/12\/cyber-risk-il-danno-non-e-solo-informatico\/\">Cyber Risk: il danno non \u00e8 solo informatico<\/a><\/h4><p class=\"meta\"><span class=\"vcard\" style=\"display: none;\"><span class=\"fn\"><a href=\"https:\/\/miaconsulting.eu\/index.php\/author\/lorenzo\/\" title=\"Articoli scritti da Lorenzo\" rel=\"author\">Lorenzo<\/a><\/span><\/span><span class=\"updated\" style=\"display:none;\">2026-05-12T07:13:15+00:00<\/span><span>Maggio 12, 2026<\/span><span class=\"fusion-inline-sep\">|<\/span><span class=\"fusion-comments\"><a href=\"https:\/\/miaconsulting.eu\/index.php\/2026\/05\/12\/cyber-risk-il-danno-non-e-solo-informatico\/#respond\">0 Comments<\/a><\/span><\/p><p>Il cyber risk non \u00e8 pi\u00f9 un tema da reparto IT. \u00c8 un rischio d\u2019impresa. Secondo l\u2019Allianz Risk Barometer 2026, [...]<\/p><\/div><\/article><article class=\"post fusion-column column col col-lg-4 col-md-4 col-sm-4\"><div class=\"fusion-flexslider fusion-flexslider-loading flexslider flexslider-hover-type-none\"><ul class=\"slides\"><li><a href=\"https:\/\/miaconsulting.eu\/index.php\/2026\/05\/12\/vies-fideiussioni-anche-per-chi-opera-con-lestero\/\" aria-label=\"VIES: fideiussioni anche per chi opera con l\u2019estero\" class=\"hover-type-none\"><img decoding=\"async\" width=\"700\" height=\"441\" src=\"https:\/\/miaconsulting.eu\/wp-content\/uploads\/2026\/05\/3-2-700x441.png\" class=\"attachment-recent-posts size-recent-posts\" alt=\"\" srcset=\"https:\/\/miaconsulting.eu\/wp-content\/uploads\/2026\/05\/3-2-320x202.png 320w, https:\/\/miaconsulting.eu\/wp-content\/uploads\/2026\/05\/3-2-700x441.png 700w\" sizes=\"(max-width: 700px) 100vw, 700px\" \/><\/a><\/li><\/ul><\/div><div class=\"recent-posts-content\"><span class=\"vcard\" style=\"display: none;\"><span class=\"fn\"><a href=\"https:\/\/miaconsulting.eu\/index.php\/author\/lorenzo\/\" title=\"Articoli scritti da Lorenzo\" rel=\"author\">Lorenzo<\/a><\/span><\/span><span class=\"updated\" style=\"display:none;\">2026-05-12T07:12:54+00:00<\/span><h4 class=\"entry-title\"><a href=\"https:\/\/miaconsulting.eu\/index.php\/2026\/05\/12\/vies-fideiussioni-anche-per-chi-opera-con-lestero\/\">VIES: fideiussioni anche per chi opera con l\u2019estero<\/a><\/h4><p class=\"meta\"><span class=\"vcard\" style=\"display: none;\"><span class=\"fn\"><a href=\"https:\/\/miaconsulting.eu\/index.php\/author\/lorenzo\/\" title=\"Articoli scritti da Lorenzo\" rel=\"author\">Lorenzo<\/a><\/span><\/span><span class=\"updated\" style=\"display:none;\">2026-05-12T07:12:54+00:00<\/span><span>Maggio 12, 2026<\/span><span class=\"fusion-inline-sep\">|<\/span><span class=\"fusion-comments\"><a href=\"https:\/\/miaconsulting.eu\/index.php\/2026\/05\/12\/vies-fideiussioni-anche-per-chi-opera-con-lestero\/#respond\">0 Comments<\/a><\/span><\/p><p>VIES: fideiussioni anche per chi opera con l\u2019estero Le fideiussioni non riguardano solo cantieri e appalti. Dal 2025 sono diventate [...]<\/p><\/div><\/article><article class=\"post fusion-column column col col-lg-4 col-md-4 col-sm-4\"><div class=\"fusion-flexslider fusion-flexslider-loading flexslider flexslider-hover-type-none\"><ul class=\"slides\"><li><a href=\"https:\/\/miaconsulting.eu\/index.php\/2026\/05\/12\/appalti-sotto-soglia-il-5-da-non-dimenticare\/\" aria-label=\"Appalti sotto soglia Il 5% da non dimenticare\" class=\"hover-type-none\"><img decoding=\"async\" width=\"700\" height=\"441\" src=\"https:\/\/miaconsulting.eu\/wp-content\/uploads\/2026\/05\/4-700x441.png\" class=\"attachment-recent-posts size-recent-posts\" alt=\"\" srcset=\"https:\/\/miaconsulting.eu\/wp-content\/uploads\/2026\/05\/4-320x202.png 320w, https:\/\/miaconsulting.eu\/wp-content\/uploads\/2026\/05\/4-700x441.png 700w\" sizes=\"(max-width: 700px) 100vw, 700px\" \/><\/a><\/li><\/ul><\/div><div class=\"recent-posts-content\"><span class=\"vcard\" style=\"display: none;\"><span class=\"fn\"><a href=\"https:\/\/miaconsulting.eu\/index.php\/author\/lorenzo\/\" title=\"Articoli scritti da Lorenzo\" rel=\"author\">Lorenzo<\/a><\/span><\/span><span class=\"updated\" style=\"display:none;\">2026-05-12T07:12:29+00:00<\/span><h4 class=\"entry-title\"><a href=\"https:\/\/miaconsulting.eu\/index.php\/2026\/05\/12\/appalti-sotto-soglia-il-5-da-non-dimenticare\/\">Appalti sotto soglia  Il 5% da non dimenticare<\/a><\/h4><p class=\"meta\"><span class=\"vcard\" style=\"display: none;\"><span class=\"fn\"><a href=\"https:\/\/miaconsulting.eu\/index.php\/author\/lorenzo\/\" title=\"Articoli scritti da Lorenzo\" rel=\"author\">Lorenzo<\/a><\/span><\/span><span class=\"updated\" style=\"display:none;\">2026-05-12T07:12:29+00:00<\/span><span>Maggio 12, 2026<\/span><span class=\"fusion-inline-sep\">|<\/span><span class=\"fusion-comments\"><a href=\"https:\/\/miaconsulting.eu\/index.php\/2026\/05\/12\/appalti-sotto-soglia-il-5-da-non-dimenticare\/#respond\">0 Comments<\/a><\/span><\/p><p>Negli appalti, la fideiussione non arriva alla fine: va considerata gi\u00e0 quando si valuta la convenienza economica della gara. Il [...]<\/p><\/div><\/article><article class=\"post fusion-column column col col-lg-4 col-md-4 col-sm-4\"><div class=\"fusion-flexslider fusion-flexslider-loading flexslider flexslider-hover-type-none\"><ul class=\"slides\"><li><a href=\"https:\/\/miaconsulting.eu\/index.php\/2026\/05\/09\/tutela-legale-per-la-circolazione-una-protezione-ancora-poco-conosciuta-in-italia\/\" aria-label=\"Tutela legale per la circolazione: una protezione ancora poco conosciuta in Italia\" class=\"hover-type-none\"><img decoding=\"async\" width=\"700\" height=\"441\" src=\"https:\/\/miaconsulting.eu\/wp-content\/uploads\/2026\/05\/slide-sito-Mia-consulting-700x441.png\" class=\"attachment-recent-posts size-recent-posts\" alt=\"\" srcset=\"https:\/\/miaconsulting.eu\/wp-content\/uploads\/2026\/05\/slide-sito-Mia-consulting-320x202.png 320w, https:\/\/miaconsulting.eu\/wp-content\/uploads\/2026\/05\/slide-sito-Mia-consulting-700x441.png 700w\" sizes=\"(max-width: 700px) 100vw, 700px\" \/><\/a><\/li><\/ul><\/div><div class=\"recent-posts-content\"><span class=\"vcard\" style=\"display: none;\"><span class=\"fn\"><a href=\"https:\/\/miaconsulting.eu\/index.php\/author\/lorenzo\/\" title=\"Articoli scritti da Lorenzo\" rel=\"author\">Lorenzo<\/a><\/span><\/span><span class=\"updated\" style=\"display:none;\">2026-05-12T07:27:42+00:00<\/span><h4 class=\"entry-title\"><a href=\"https:\/\/miaconsulting.eu\/index.php\/2026\/05\/09\/tutela-legale-per-la-circolazione-una-protezione-ancora-poco-conosciuta-in-italia\/\">Tutela legale per la circolazione: una protezione ancora poco conosciuta in Italia<\/a><\/h4><p class=\"meta\"><span class=\"vcard\" style=\"display: none;\"><span class=\"fn\"><a href=\"https:\/\/miaconsulting.eu\/index.php\/author\/lorenzo\/\" title=\"Articoli scritti da Lorenzo\" rel=\"author\">Lorenzo<\/a><\/span><\/span><span class=\"updated\" style=\"display:none;\">2026-05-12T07:27:42+00:00<\/span><span>Maggio 9, 2026<\/span><span class=\"fusion-inline-sep\">|<\/span><span class=\"fusion-comments\"><a href=\"https:\/\/miaconsulting.eu\/index.php\/2026\/05\/09\/tutela-legale-per-la-circolazione-una-protezione-ancora-poco-conosciuta-in-italia\/#respond\">0 Comments<\/a><\/span><\/p><p>Quando si parla di assicurazione auto, la maggior parte delle persone pensa subito alla RC Auto, cio\u00e8 la polizza obbligatoria [...]<\/p><\/div><\/article><\/section><\/div><\/div><\/div><\/div><\/div>\n","protected":false},"excerpt":{"rendered":"","protected":false},"author":1,"featured_media":0,"parent":0,"menu_order":0,"comment_status":"closed","ping_status":"closed","template":"100-width.php","meta":{"footnotes":""},"class_list":["post-573","page","type-page","status-publish","hentry"],"yoast_head":"<!-- This site is optimized with the Yoast SEO plugin v27.6 - https:\/\/yoast.com\/product\/yoast-seo-wordpress\/ -->\n<title>News - miaconsulting.eu<\/title>\n<meta name=\"robots\" content=\"index, follow, max-snippet:-1, max-image-preview:large, max-video-preview:-1\" \/>\n<link rel=\"canonical\" href=\"https:\/\/miaconsulting.eu\/index.php\/news\/\" \/>\n<meta property=\"og:locale\" content=\"it_IT\" \/>\n<meta property=\"og:type\" content=\"article\" \/>\n<meta property=\"og:title\" content=\"News - miaconsulting.eu\" \/>\n<meta property=\"og:url\" content=\"https:\/\/miaconsulting.eu\/index.php\/news\/\" \/>\n<meta property=\"og:site_name\" content=\"miaconsulting.eu\" \/>\n<meta property=\"article:publisher\" content=\"https:\/\/www.facebook.com\/miaconsultingeu\" \/>\n<meta property=\"article:modified_time\" content=\"2026-05-12T12:24:54+00:00\" \/>\n<meta name=\"twitter:card\" content=\"summary_large_image\" \/>\n<meta name=\"twitter:label1\" content=\"Tempo di lettura stimato\" \/>\n\t<meta name=\"twitter:data1\" content=\"4 minuti\" \/>\n<script type=\"application\/ld+json\" class=\"yoast-schema-graph\">{\"@context\":\"https:\\\/\\\/schema.org\",\"@graph\":[{\"@type\":\"WebPage\",\"@id\":\"https:\\\/\\\/miaconsulting.eu\\\/index.php\\\/news\\\/\",\"url\":\"https:\\\/\\\/miaconsulting.eu\\\/index.php\\\/news\\\/\",\"name\":\"News - miaconsulting.eu\",\"isPartOf\":{\"@id\":\"https:\\\/\\\/miaconsulting.eu\\\/#website\"},\"datePublished\":\"2026-05-12T08:01:00+00:00\",\"dateModified\":\"2026-05-12T12:24:54+00:00\",\"breadcrumb\":{\"@id\":\"https:\\\/\\\/miaconsulting.eu\\\/index.php\\\/news\\\/#breadcrumb\"},\"inLanguage\":\"it-IT\",\"potentialAction\":[{\"@type\":\"ReadAction\",\"target\":[\"https:\\\/\\\/miaconsulting.eu\\\/index.php\\\/news\\\/\"]}]},{\"@type\":\"BreadcrumbList\",\"@id\":\"https:\\\/\\\/miaconsulting.eu\\\/index.php\\\/news\\\/#breadcrumb\",\"itemListElement\":[{\"@type\":\"ListItem\",\"position\":1,\"name\":\"Home\",\"item\":\"https:\\\/\\\/miaconsulting.eu\\\/\"},{\"@type\":\"ListItem\",\"position\":2,\"name\":\"News\"}]},{\"@type\":\"WebSite\",\"@id\":\"https:\\\/\\\/miaconsulting.eu\\\/#website\",\"url\":\"https:\\\/\\\/miaconsulting.eu\\\/\",\"name\":\"miaconsulting.eu\",\"description\":\"\",\"publisher\":{\"@id\":\"https:\\\/\\\/miaconsulting.eu\\\/#organization\"},\"potentialAction\":[{\"@type\":\"SearchAction\",\"target\":{\"@type\":\"EntryPoint\",\"urlTemplate\":\"https:\\\/\\\/miaconsulting.eu\\\/?s={search_term_string}\"},\"query-input\":{\"@type\":\"PropertyValueSpecification\",\"valueRequired\":true,\"valueName\":\"search_term_string\"}}],\"inLanguage\":\"it-IT\"},{\"@type\":\"Organization\",\"@id\":\"https:\\\/\\\/miaconsulting.eu\\\/#organization\",\"name\":\"miaconsulting.eu\",\"url\":\"https:\\\/\\\/miaconsulting.eu\\\/\",\"logo\":{\"@type\":\"ImageObject\",\"inLanguage\":\"it-IT\",\"@id\":\"https:\\\/\\\/miaconsulting.eu\\\/#\\\/schema\\\/logo\\\/image\\\/\",\"url\":\"https:\\\/\\\/miaconsulting.eu\\\/wp-content\\\/uploads\\\/2026\\\/05\\\/favicon-miaconsulting.png\",\"contentUrl\":\"https:\\\/\\\/miaconsulting.eu\\\/wp-content\\\/uploads\\\/2026\\\/05\\\/favicon-miaconsulting.png\",\"width\":512,\"height\":512,\"caption\":\"miaconsulting.eu\"},\"image\":{\"@id\":\"https:\\\/\\\/miaconsulting.eu\\\/#\\\/schema\\\/logo\\\/image\\\/\"},\"sameAs\":[\"https:\\\/\\\/www.facebook.com\\\/miaconsultingeu\",\"https:\\\/\\\/www.instagram.com\\\/mia_consulting_\\\/\"]}]}<\/script>\n<!-- \/ Yoast SEO plugin. -->","yoast_head_json":{"title":"News - miaconsulting.eu","robots":{"index":"index","follow":"follow","max-snippet":"max-snippet:-1","max-image-preview":"max-image-preview:large","max-video-preview":"max-video-preview:-1"},"canonical":"https:\/\/miaconsulting.eu\/index.php\/news\/","og_locale":"it_IT","og_type":"article","og_title":"News - miaconsulting.eu","og_url":"https:\/\/miaconsulting.eu\/index.php\/news\/","og_site_name":"miaconsulting.eu","article_publisher":"https:\/\/www.facebook.com\/miaconsultingeu","article_modified_time":"2026-05-12T12:24:54+00:00","twitter_card":"summary_large_image","twitter_misc":{"Tempo di lettura stimato":"4 minuti"},"schema":{"@context":"https:\/\/schema.org","@graph":[{"@type":"WebPage","@id":"https:\/\/miaconsulting.eu\/index.php\/news\/","url":"https:\/\/miaconsulting.eu\/index.php\/news\/","name":"News - miaconsulting.eu","isPartOf":{"@id":"https:\/\/miaconsulting.eu\/#website"},"datePublished":"2026-05-12T08:01:00+00:00","dateModified":"2026-05-12T12:24:54+00:00","breadcrumb":{"@id":"https:\/\/miaconsulting.eu\/index.php\/news\/#breadcrumb"},"inLanguage":"it-IT","potentialAction":[{"@type":"ReadAction","target":["https:\/\/miaconsulting.eu\/index.php\/news\/"]}]},{"@type":"BreadcrumbList","@id":"https:\/\/miaconsulting.eu\/index.php\/news\/#breadcrumb","itemListElement":[{"@type":"ListItem","position":1,"name":"Home","item":"https:\/\/miaconsulting.eu\/"},{"@type":"ListItem","position":2,"name":"News"}]},{"@type":"WebSite","@id":"https:\/\/miaconsulting.eu\/#website","url":"https:\/\/miaconsulting.eu\/","name":"miaconsulting.eu","description":"","publisher":{"@id":"https:\/\/miaconsulting.eu\/#organization"},"potentialAction":[{"@type":"SearchAction","target":{"@type":"EntryPoint","urlTemplate":"https:\/\/miaconsulting.eu\/?s={search_term_string}"},"query-input":{"@type":"PropertyValueSpecification","valueRequired":true,"valueName":"search_term_string"}}],"inLanguage":"it-IT"},{"@type":"Organization","@id":"https:\/\/miaconsulting.eu\/#organization","name":"miaconsulting.eu","url":"https:\/\/miaconsulting.eu\/","logo":{"@type":"ImageObject","inLanguage":"it-IT","@id":"https:\/\/miaconsulting.eu\/#\/schema\/logo\/image\/","url":"https:\/\/miaconsulting.eu\/wp-content\/uploads\/2026\/05\/favicon-miaconsulting.png","contentUrl":"https:\/\/miaconsulting.eu\/wp-content\/uploads\/2026\/05\/favicon-miaconsulting.png","width":512,"height":512,"caption":"miaconsulting.eu"},"image":{"@id":"https:\/\/miaconsulting.eu\/#\/schema\/logo\/image\/"},"sameAs":["https:\/\/www.facebook.com\/miaconsultingeu","https:\/\/www.instagram.com\/mia_consulting_\/"]}]}},"_links":{"self":[{"href":"https:\/\/miaconsulting.eu\/index.php\/wp-json\/wp\/v2\/pages\/573","targetHints":{"allow":["GET"]}}],"collection":[{"href":"https:\/\/miaconsulting.eu\/index.php\/wp-json\/wp\/v2\/pages"}],"about":[{"href":"https:\/\/miaconsulting.eu\/index.php\/wp-json\/wp\/v2\/types\/page"}],"author":[{"embeddable":true,"href":"https:\/\/miaconsulting.eu\/index.php\/wp-json\/wp\/v2\/users\/1"}],"replies":[{"embeddable":true,"href":"https:\/\/miaconsulting.eu\/index.php\/wp-json\/wp\/v2\/comments?post=573"}],"version-history":[{"count":14,"href":"https:\/\/miaconsulting.eu\/index.php\/wp-json\/wp\/v2\/pages\/573\/revisions"}],"predecessor-version":[{"id":597,"href":"https:\/\/miaconsulting.eu\/index.php\/wp-json\/wp\/v2\/pages\/573\/revisions\/597"}],"wp:attachment":[{"href":"https:\/\/miaconsulting.eu\/index.php\/wp-json\/wp\/v2\/media?parent=573"}],"curies":[{"name":"wp","href":"https:\/\/api.w.org\/{rel}","templated":true}]}}